{"id":103,"date":"2024-01-14T20:57:53","date_gmt":"2024-01-14T20:57:53","guid":{"rendered":"https:\/\/goodguidance.nl\/?page_id=103"},"modified":"2024-02-02T13:12:06","modified_gmt":"2024-02-02T13:12:06","slug":"aanbod","status":"publish","type":"page","link":"https:\/\/goodguidance.nl\/?page_id=103","title":{"rendered":"Individuele begeleiding"},"content":{"rendered":"<div class=\"wp-block-columns is-layout-flex wp-container-core-columns-is-layout-1 wp-block-columns-is-layout-flex\"><div class=\"wp-block-column is-layout-flow wp-block-column-is-layout-flow\" style=\"flex-basis:33.33%\"><figure class=\"wp-block-image size-full\"><img loading=\"lazy\" decoding=\"async\" width=\"452\" height=\"678\" src=\"https:\/\/goodguidance.nl\/wp-content\/uploads\/2024\/01\/schipindehaven-1.jpeg\" alt=\"\" class=\"wp-image-315\" srcset=\"https:\/\/goodguidance.nl\/wp-content\/uploads\/2024\/01\/schipindehaven-1.jpeg 452w, https:\/\/goodguidance.nl\/wp-content\/uploads\/2024\/01\/schipindehaven-1-200x300.jpeg 200w\" sizes=\"(max-width: 452px) 100vw, 452px\" \/><\/figure><\/div>\n\n<div class=\"wp-block-column is-layout-flow wp-block-column-is-layout-flow\" style=\"flex-basis:66.66%\"><p><\/p>\n\n<p><\/p>\n\n<p><\/p>\n\n<p><\/p>\n\n<h2 class=\"wp-block-heading\">Good Guidance = een goede gids\/loods<\/h2>\n\n<p><em><span class=\"f0i\">l<\/span><span class=\"ff\">oo<\/span><span class=\"f0i\">d\u00b7sen<\/span>\u00a0<span class=\"f3 f0g\"><span class=\"fz\"><span class=\"f4\">1 <\/span><\/span><span class=\"f0\"><span class=\"fr\"><strong>als loods een schip uit of in een haven brengen <\/strong><\/span><\/span><\/span><\/em><em><span class=\"f3 f0g\"><span class=\"fz\"><span class=\"f4\">2 <\/span><\/span><strong><span class=\"f0\"><span class=\"fr\">behoedzaam <\/span><span class=\"fr\">leiden <\/span><\/span><\/strong><\/span><\/em><\/p>\n<p>Geboren op het voormalige eiland Urk, maakt dat ik dagelijks schepen heb zien in- en uitvaren in de haven. Meesten lukte dat op eigen kracht. Maar de schepen die &#8216;pech&#8217; hadden of schade (bijvoorbeeld aan de motor), werden binnengebracht door een <strong>loods.<\/strong> Die <strong>loodsboten<\/strong> waren, in de regel, stukken kleiner dan de schepen die even geholpen moesten worden. In een veilige haven, op de werf of in het dok konden de meeste schepen, met de juiste behandeling en begeleiding, daarna weer op eigen kracht naar hun bestemming koersen. Dat beeld zie ik ook voor me bij het loodsen van jou in je hulpvraag. Met als doel om daarna weer zelfstandig koers te kunnen zetten.\u00a0<\/p><\/div><\/div><p class=\"has-text-color\" style=\"color:#000000;font-size:17px\">Het is mogelijk om persoonlijke begeleiding te bieden, die afgestemd is op de specifieke behoeften en doelen van jou als individu. Dit kan inhouden dat ik als verlies &amp; veerkracht begeleider, \u00e9\u00e9n-op-\u00e9\u00e9n ondersteuning biedt om persoonlijke groei, ontwikkeling of probleemoplossing te bevorderen. Het doel is om jou te helpen bij het behalen van specifieke doelstellingen, het overwinnen van obstakels of het ontwikkelen van vaardigheden en het zoeken en vinden van steunbronnen. <\/p><p class=\"has-text-color\" style=\"color:#000000;font-size:17px\">De inhoud en aanpak van individuele begeleiding kan sterk vari\u00ebren, afhankelijk van de behoeften en voorkeuren van jou als persoon. Na een intakegesprek kijken we of er een match is met jouw specifieke begeleiding vraag waar je mee zit en het mogelijk antwoord wat ik daarin kan geven. Dit doe ik onder andere door het gebruik maken van het Kompas (S. Beijnes), Voice Dialogue, Levenslijn, Systemisch Werk (o.a. Els van Steijn), Psycho educatie over verlieskunde, hechting en theorie en methoden, overlevingsmechanismes etc. Ook het ontwerpen van een persoonlijk ritueel kan onderdeel zijn van de begeleiding. Jij gaat met je verlies aan de slag en ik zal je daarin als een Good Guidance ondersteunend nabij zijn.<\/p><div style=\"height:53px\" aria-hidden=\"true\" class=\"wp-block-spacer\"><\/div><div class=\"wp-block-group alignfull has-text-color has-background\" style=\"color:#000000;background-color:#ffffff\"><div class=\"wp-block-group__inner-container is-layout-flow wp-block-group-is-layout-flow\"><p class=\"has-text-align-center has-small-font-size\" style=\"line-height:.9\">Wat kan ik voor je doen?<\/p>\n\n<h2 class=\"wp-block-heading has-text-align-center\" id=\"schedule-a-visit\" style=\"font-size:59px;line-height:1.15\"><strong>Kom in contact<\/strong><\/h2>\n\n<div class=\"wp-block-buttons is-horizontal is-content-justification-center is-layout-flex wp-container-core-buttons-is-layout-1 wp-block-buttons-is-layout-flex\"><div class=\"wp-block-button has-custom-width wp-block-button__width-50\"><a class=\"wp-block-button__link has-neve-link-color-background-color has-text-color has-background wp-element-button\" href=\"mailto:aline@goodguidance.nl\" style=\"border-radius:50px;color:#ffffff\">Mail direct<\/a><\/div><\/div>\n\n<div style=\"height:64px\" aria-hidden=\"true\" class=\"wp-block-spacer\"><\/div><\/div><\/div>","protected":false},"excerpt":{"rendered":"<p>Good Guidance = een goede gids\/loods lood\u00b7sen\u00a01 als loods een schip uit of in een haven brengen 2 behoedzaam leiden Geboren op het voormalige eiland Urk, maakt dat ik dagelijks schepen heb zien in- en uitvaren in de haven. Meesten lukte dat op eigen kracht. Maar de schepen die &#8216;pech&#8217; hadden of schade (bijvoorbeeld aan&hellip;&nbsp;<a href=\"https:\/\/goodguidance.nl\/?page_id=103\" class=\"\" rel=\"bookmark\">Read More &raquo;<span class=\"screen-reader-text\">Individuele begeleiding<\/span><\/a><\/p>\n","protected":false},"author":1,"featured_media":63,"parent":0,"menu_order":0,"comment_status":"closed","ping_status":"closed","template":"","meta":{"neve_meta_sidebar":"","neve_meta_container":"","neve_meta_enable_content_width":"","neve_meta_content_width":0,"neve_meta_title_alignment":"","neve_meta_author_avatar":"","neve_post_elements_order":"","neve_meta_disable_header":"","neve_meta_disable_footer":"","neve_meta_disable_title":"","_kadence_starter_templates_imported_post":false,"footnotes":""},"class_list":["post-103","page","type-page","status-publish","has-post-thumbnail","hentry"],"yoast_head":"<!-- This site is optimized with the Yoast SEO plugin v22.7 - https:\/\/yoast.com\/wordpress\/plugins\/seo\/ -->\n<title>Individuele begeleiding - Good Guidance<\/title>\n<meta name=\"description\" content=\"Good Guidance biedt persoonlijke begeleiding, die afgestemd is op de specifieke behoeften en doelen van jou als individu.\" \/>\n<meta name=\"robots\" content=\"index, follow, max-snippet:-1, max-image-preview:large, max-video-preview:-1\" \/>\n<link rel=\"canonical\" href=\"https:\/\/goodguidance.nl\/?page_id=103\" \/>\n<meta property=\"og:locale\" content=\"en_US\" \/>\n<meta property=\"og:type\" content=\"article\" \/>\n<meta property=\"og:title\" content=\"Individuele begeleiding - Good Guidance\" \/>\n<meta property=\"og:description\" content=\"Good Guidance biedt persoonlijke begeleiding, die afgestemd is op de specifieke behoeften en doelen van jou als individu.\" \/>\n<meta property=\"og:url\" content=\"https:\/\/goodguidance.nl\/?page_id=103\" \/>\n<meta property=\"og:site_name\" content=\"Good Guidance\" \/>\n<meta property=\"article:modified_time\" content=\"2024-02-02T13:12:06+00:00\" \/>\n<meta property=\"og:image\" content=\"http:\/\/goodguidance.nl\/wp-content\/uploads\/2024\/01\/deurmataram.jpg\" \/>\n\t<meta property=\"og:image:width\" content=\"1017\" \/>\n\t<meta property=\"og:image:height\" content=\"1264\" \/>\n\t<meta property=\"og:image:type\" content=\"image\/jpeg\" \/>\n<meta name=\"twitter:card\" content=\"summary_large_image\" \/>\n<meta name=\"twitter:label1\" content=\"Est. reading time\" \/>\n\t<meta name=\"twitter:data1\" content=\"3 minutes\" \/>\n<script type=\"application\/ld+json\" class=\"yoast-schema-graph\">{\"@context\":\"https:\/\/schema.org\",\"@graph\":[{\"@type\":\"WebPage\",\"@id\":\"https:\/\/goodguidance.nl\/?page_id=103\",\"url\":\"https:\/\/goodguidance.nl\/?page_id=103\",\"name\":\"Individuele begeleiding - Good Guidance\",\"isPartOf\":{\"@id\":\"https:\/\/goodguidance.nl\/#website\"},\"primaryImageOfPage\":{\"@id\":\"https:\/\/goodguidance.nl\/?page_id=103#primaryimage\"},\"image\":{\"@id\":\"https:\/\/goodguidance.nl\/?page_id=103#primaryimage\"},\"thumbnailUrl\":\"https:\/\/goodguidance.nl\/wp-content\/uploads\/2024\/01\/deurmataram.jpg\",\"datePublished\":\"2024-01-14T20:57:53+00:00\",\"dateModified\":\"2024-02-02T13:12:06+00:00\",\"description\":\"Good Guidance biedt persoonlijke begeleiding, die afgestemd is op de specifieke behoeften en doelen van jou als individu.\",\"breadcrumb\":{\"@id\":\"https:\/\/goodguidance.nl\/?page_id=103#breadcrumb\"},\"inLanguage\":\"en-US\",\"potentialAction\":[{\"@type\":\"ReadAction\",\"target\":[\"https:\/\/goodguidance.nl\/?page_id=103\"]}]},{\"@type\":\"ImageObject\",\"inLanguage\":\"en-US\",\"@id\":\"https:\/\/goodguidance.nl\/?page_id=103#primaryimage\",\"url\":\"https:\/\/goodguidance.nl\/wp-content\/uploads\/2024\/01\/deurmataram.jpg\",\"contentUrl\":\"https:\/\/goodguidance.nl\/wp-content\/uploads\/2024\/01\/deurmataram.jpg\",\"width\":1017,\"height\":1264,\"caption\":\"Foto: Vakfotograaf Luuk Schudde - Urk\"},{\"@type\":\"BreadcrumbList\",\"@id\":\"https:\/\/goodguidance.nl\/?page_id=103#breadcrumb\",\"itemListElement\":[{\"@type\":\"ListItem\",\"position\":1,\"name\":\"Home\",\"item\":\"https:\/\/goodguidance.nl\/\"},{\"@type\":\"ListItem\",\"position\":2,\"name\":\"Individuele begeleiding\"}]},{\"@type\":\"WebSite\",\"@id\":\"https:\/\/goodguidance.nl\/#website\",\"url\":\"https:\/\/goodguidance.nl\/\",\"name\":\"Good Guidance\",\"description\":\"Rouw, Verlies &amp; Veerkracht begeleiding\",\"potentialAction\":[{\"@type\":\"SearchAction\",\"target\":{\"@type\":\"EntryPoint\",\"urlTemplate\":\"https:\/\/goodguidance.nl\/?s={search_term_string}\"},\"query-input\":\"required name=search_term_string\"}],\"inLanguage\":\"en-US\"}]}<\/script>\n<!-- \/ Yoast SEO plugin. -->","yoast_head_json":{"title":"Individuele begeleiding - Good Guidance","description":"Good Guidance biedt persoonlijke begeleiding, die afgestemd is op de specifieke behoeften en doelen van jou als individu.","robots":{"index":"index","follow":"follow","max-snippet":"max-snippet:-1","max-image-preview":"max-image-preview:large","max-video-preview":"max-video-preview:-1"},"canonical":"https:\/\/goodguidance.nl\/?page_id=103","og_locale":"en_US","og_type":"article","og_title":"Individuele begeleiding - Good Guidance","og_description":"Good Guidance biedt persoonlijke begeleiding, die afgestemd is op de specifieke behoeften en doelen van jou als individu.","og_url":"https:\/\/goodguidance.nl\/?page_id=103","og_site_name":"Good Guidance","article_modified_time":"2024-02-02T13:12:06+00:00","og_image":[{"width":1017,"height":1264,"url":"http:\/\/goodguidance.nl\/wp-content\/uploads\/2024\/01\/deurmataram.jpg","type":"image\/jpeg"}],"twitter_card":"summary_large_image","twitter_misc":{"Est. reading time":"3 minutes"},"schema":{"@context":"https:\/\/schema.org","@graph":[{"@type":"WebPage","@id":"https:\/\/goodguidance.nl\/?page_id=103","url":"https:\/\/goodguidance.nl\/?page_id=103","name":"Individuele begeleiding - Good Guidance","isPartOf":{"@id":"https:\/\/goodguidance.nl\/#website"},"primaryImageOfPage":{"@id":"https:\/\/goodguidance.nl\/?page_id=103#primaryimage"},"image":{"@id":"https:\/\/goodguidance.nl\/?page_id=103#primaryimage"},"thumbnailUrl":"https:\/\/goodguidance.nl\/wp-content\/uploads\/2024\/01\/deurmataram.jpg","datePublished":"2024-01-14T20:57:53+00:00","dateModified":"2024-02-02T13:12:06+00:00","description":"Good Guidance biedt persoonlijke begeleiding, die afgestemd is op de specifieke behoeften en doelen van jou als individu.","breadcrumb":{"@id":"https:\/\/goodguidance.nl\/?page_id=103#breadcrumb"},"inLanguage":"en-US","potentialAction":[{"@type":"ReadAction","target":["https:\/\/goodguidance.nl\/?page_id=103"]}]},{"@type":"ImageObject","inLanguage":"en-US","@id":"https:\/\/goodguidance.nl\/?page_id=103#primaryimage","url":"https:\/\/goodguidance.nl\/wp-content\/uploads\/2024\/01\/deurmataram.jpg","contentUrl":"https:\/\/goodguidance.nl\/wp-content\/uploads\/2024\/01\/deurmataram.jpg","width":1017,"height":1264,"caption":"Foto: Vakfotograaf Luuk Schudde - Urk"},{"@type":"BreadcrumbList","@id":"https:\/\/goodguidance.nl\/?page_id=103#breadcrumb","itemListElement":[{"@type":"ListItem","position":1,"name":"Home","item":"https:\/\/goodguidance.nl\/"},{"@type":"ListItem","position":2,"name":"Individuele begeleiding"}]},{"@type":"WebSite","@id":"https:\/\/goodguidance.nl\/#website","url":"https:\/\/goodguidance.nl\/","name":"Good Guidance","description":"Rouw, Verlies &amp; Veerkracht begeleiding","potentialAction":[{"@type":"SearchAction","target":{"@type":"EntryPoint","urlTemplate":"https:\/\/goodguidance.nl\/?s={search_term_string}"},"query-input":"required name=search_term_string"}],"inLanguage":"en-US"}]}},"jetpack_sharing_enabled":true,"_links":{"self":[{"href":"https:\/\/goodguidance.nl\/index.php?rest_route=\/wp\/v2\/pages\/103"}],"collection":[{"href":"https:\/\/goodguidance.nl\/index.php?rest_route=\/wp\/v2\/pages"}],"about":[{"href":"https:\/\/goodguidance.nl\/index.php?rest_route=\/wp\/v2\/types\/page"}],"author":[{"embeddable":true,"href":"https:\/\/goodguidance.nl\/index.php?rest_route=\/wp\/v2\/users\/1"}],"replies":[{"embeddable":true,"href":"https:\/\/goodguidance.nl\/index.php?rest_route=%2Fwp%2Fv2%2Fcomments&post=103"}],"version-history":[{"count":18,"href":"https:\/\/goodguidance.nl\/index.php?rest_route=\/wp\/v2\/pages\/103\/revisions"}],"predecessor-version":[{"id":328,"href":"https:\/\/goodguidance.nl\/index.php?rest_route=\/wp\/v2\/pages\/103\/revisions\/328"}],"wp:featuredmedia":[{"embeddable":true,"href":"https:\/\/goodguidance.nl\/index.php?rest_route=\/wp\/v2\/media\/63"}],"wp:attachment":[{"href":"https:\/\/goodguidance.nl\/index.php?rest_route=%2Fwp%2Fv2%2Fmedia&parent=103"}],"curies":[{"name":"wp","href":"https:\/\/api.w.org\/{rel}","templated":true}]}}